{"id":5054,"date":"2021-01-04T17:05:09","date_gmt":"2021-01-04T17:05:09","guid":{"rendered":"https:\/\/casadapraia.org\/?page_id=5054"},"modified":"2021-01-08T15:48:49","modified_gmt":"2021-01-08T15:48:49","slug":"become-a-volunteer-2","status":"publish","type":"page","link":"https:\/\/casadapraia.org\/?page_id=5054","title":{"rendered":"Ana Paula Ribeiro"},"content":{"rendered":"\t\t<div data-elementor-type=\"wp-post\" data-elementor-id=\"5054\" class=\"elementor elementor-5054\">\n\t\t\t\t\t\t<div class=\"elementor-inner\">\n\t\t\t\t<div class=\"elementor-section-wrap\">\n\t\t\t\t\t\t\t\t\t<section class=\"elementor-section elementor-top-section elementor-element elementor-element-451d7d9 elementor-section-boxed elementor-section-height-default elementor-section-height-default\" data-id=\"451d7d9\" data-element_type=\"section\">\n\t\t\t\t\t\t<div class=\"elementor-container elementor-column-gap-default\">\n\t\t\t\t\t\t\t<div class=\"elementor-row\">\n\t\t\t\t\t<div class=\"elementor-column elementor-col-100 elementor-top-column elementor-element elementor-element-c43a11d column-style-top column-top\" data-id=\"c43a11d\" data-element_type=\"column\">\n\t\t\t<div class=\"elementor-column-wrap elementor-element-populated\">\n\t\t\t\t\t\t\t<div class=\"elementor-widget-wrap\">\n\t\t\t\t\t\t<div class=\"elementor-element elementor-element-d3a804a elementor-widget elementor-widget-gva-heading-block\" data-id=\"d3a804a\" data-element_type=\"widget\" data-widget_type=\"gva-heading-block.default\">\n\t\t\t\t<div class=\"elementor-widget-container\">\n\t\t\t<div class=\"gva-element-gva-heading-block gva-element\">   <div class=\"align-center style-1 widget gsc-heading\">\r\n      <div class=\"content-inner\">\r\n                     <div class=\"heading-icon\"><img src=\"https:\/\/casadapraia.org\/wp-content\/plugins\/gavias-oxpitan-themer\/elementor\/assets\/images\/icon-heading.png\" alt=\"\u00d3rg\u00e3os Sociais \"\/><\/div>\r\n           \r\n                     <h2 class=\"title\">\r\n               <span>\u00d3rg\u00e3os Sociais <\/span>\r\n            <\/h2>\r\n                           \r\n               <\/div>\r\n   <\/div>\r\n   <div class=\"clearfix\"><\/div>\r\n<\/div>\t\t<\/div>\n\t\t\t\t<\/div>\n\t\t\t\t\t\t<\/div>\n\t\t\t\t\t<\/div>\n\t\t<\/div>\n\t\t\t\t\t\t\t\t<\/div>\n\t\t\t\t\t<\/div>\n\t\t<\/section>\n\t\t\t\t<section class=\"elementor-section elementor-top-section elementor-element elementor-element-c51512b elementor-section-boxed elementor-section-height-default elementor-section-height-default\" data-id=\"c51512b\" data-element_type=\"section\">\n\t\t\t\t\t\t<div class=\"elementor-container elementor-column-gap-default\">\n\t\t\t\t\t\t\t<div class=\"elementor-row\">\n\t\t\t\t\t<div class=\"elementor-column elementor-col-50 elementor-top-column elementor-element elementor-element-80652c1 column-style-top column-top\" data-id=\"80652c1\" data-element_type=\"column\">\n\t\t\t<div class=\"elementor-column-wrap elementor-element-populated\">\n\t\t\t\t\t\t\t<div class=\"elementor-widget-wrap\">\n\t\t\t\t\t\t<div class=\"elementor-element elementor-element-5656691 elementor-widget elementor-widget-image\" data-id=\"5656691\" data-element_type=\"widget\" data-widget_type=\"image.default\">\n\t\t\t\t<div class=\"elementor-widget-container\">\n\t\t\t\t\t\t\t\t<div class=\"elementor-image\">\n\t\t\t\t\t\t\t\t\t\t\t\t<img width=\"195\" height=\"260\" src=\"https:\/\/casadapraia.org\/wp-content\/uploads\/2021\/01\/Ana-Paula-2.png\" class=\"attachment-large size-large\" alt=\"\" loading=\"lazy\" \/>\t\t\t\t\t\t\t\t\t\t\t\t\t\t<\/div>\n\t\t\t\t\t\t<\/div>\n\t\t\t\t<\/div>\n\t\t\t\t<div class=\"elementor-element elementor-element-65d69eb elementor-widget elementor-widget-gva-heading-block\" data-id=\"65d69eb\" data-element_type=\"widget\" data-widget_type=\"gva-heading-block.default\">\n\t\t\t\t<div class=\"elementor-widget-container\">\n\t\t\t<div class=\"gva-element-gva-heading-block gva-element\">   <div class=\"align-center style-1 widget gsc-heading\">\r\n      <div class=\"content-inner\">\r\n           \r\n                     <h2 class=\"title\">\r\n               <span>Ana Paula Ribeiro<\/span>\r\n            <\/h2>\r\n                                       <div class=\"title-desc\">Presidente da Mesa da Assembleia Geral<\/div>\r\n         \r\n               <\/div>\r\n   <\/div>\r\n   <div class=\"clearfix\"><\/div>\r\n<\/div>\t\t<\/div>\n\t\t\t\t<\/div>\n\t\t\t\t\t\t<\/div>\n\t\t\t\t\t<\/div>\n\t\t<\/div>\n\t\t\t\t<div class=\"elementor-column elementor-col-50 elementor-top-column elementor-element elementor-element-198e3cd column-style-top column-top\" data-id=\"198e3cd\" data-element_type=\"column\">\n\t\t\t<div class=\"elementor-column-wrap elementor-element-populated\">\n\t\t\t\t\t\t\t<div class=\"elementor-widget-wrap\">\n\t\t\t\t\t\t<div class=\"elementor-element elementor-element-7ff108a elementor-widget elementor-widget-text-editor\" data-id=\"7ff108a\" data-element_type=\"widget\" data-widget_type=\"text-editor.default\">\n\t\t\t\t<div class=\"elementor-widget-container\">\n\t\t\t\t\t\t\t\t<div class=\"elementor-text-editor elementor-clearfix\">\n\t\t\t\t<p class=\"font_8\">Licenciada em educa\u00e7\u00e3o especial.<\/p><p class=\"font_8\">Como docente especializada, desempenhou a sua atividade em v\u00e1rios estabelecimentos de ensino e em servi\u00e7os do Minist\u00e9rio da Educa\u00e7\u00e3o e da Seguran\u00e7a Social. Colaborou, quer como docente, quer na elabora\u00e7\u00e3o de planos curriculares para a Forma\u00e7\u00e3o Cont\u00ednua de Professores, na \u00e1rea da Educa\u00e7\u00e3o Especial, em v\u00e1rios grupos de trabalho e em Estabelecimentos de Ensino Superior.<\/p><p class=\"font_8\">Atualmente, faz consultoria em entidades privadas e em IPSS.<\/p>\t\t\t\t\t<\/div>\n\t\t\t\t\t\t<\/div>\n\t\t\t\t<\/div>\n\t\t\t\t\t\t<\/div>\n\t\t\t\t\t<\/div>\n\t\t<\/div>\n\t\t\t\t\t\t\t\t<\/div>\n\t\t\t\t\t<\/div>\n\t\t<\/section>\n\t\t\t\t\t\t\t\t\t<\/div>\n\t\t\t<\/div>\n\t\t\t\t\t<\/div>\n\t\t","protected":false},"excerpt":{"rendered":"<p>\u00d3rg\u00e3os Sociais Ana Paula Ribeiro Presidente da Mesa da Assembleia Geral Licenciada em educa\u00e7\u00e3o especial. Como docente especializada, desempenhou a sua atividade em v\u00e1rios estabelecimentos de ensino e em servi\u00e7os do Minist\u00e9rio da Educa\u00e7\u00e3o e da Seguran\u00e7a Social. Colaborou, quer como docente, quer na elabora\u00e7\u00e3o de planos curriculares para a Forma\u00e7\u00e3o Cont\u00ednua de Professores, na [&hellip;]<\/p>\n","protected":false},"author":1,"featured_media":0,"parent":0,"menu_order":0,"comment_status":"closed","ping_status":"closed","template":"","meta":[],"_links":{"self":[{"href":"https:\/\/casadapraia.org\/index.php?rest_route=\/wp\/v2\/pages\/5054"}],"collection":[{"href":"https:\/\/casadapraia.org\/index.php?rest_route=\/wp\/v2\/pages"}],"about":[{"href":"https:\/\/casadapraia.org\/index.php?rest_route=\/wp\/v2\/types\/page"}],"author":[{"embeddable":true,"href":"https:\/\/casadapraia.org\/index.php?rest_route=\/wp\/v2\/users\/1"}],"replies":[{"embeddable":true,"href":"https:\/\/casadapraia.org\/index.php?rest_route=%2Fwp%2Fv2%2Fcomments&post=5054"}],"version-history":[{"count":10,"href":"https:\/\/casadapraia.org\/index.php?rest_route=\/wp\/v2\/pages\/5054\/revisions"}],"predecessor-version":[{"id":5207,"href":"https:\/\/casadapraia.org\/index.php?rest_route=\/wp\/v2\/pages\/5054\/revisions\/5207"}],"wp:attachment":[{"href":"https:\/\/casadapraia.org\/index.php?rest_route=%2Fwp%2Fv2%2Fmedia&parent=5054"}],"curies":[{"name":"wp","href":"https:\/\/api.w.org\/{rel}","templated":true}]}}