{"id":5079,"date":"2021-01-04T17:26:56","date_gmt":"2021-01-04T17:26:56","guid":{"rendered":"https:\/\/casadapraia.org\/?page_id=5079"},"modified":"2021-01-08T15:51:55","modified_gmt":"2021-01-08T15:51:55","slug":"ana-paula-ribeiro-4","status":"publish","type":"page","link":"https:\/\/casadapraia.org\/?page_id=5079","title":{"rendered":"Miguel Mata Pereira"},"content":{"rendered":"\t\t<div data-elementor-type=\"wp-post\" data-elementor-id=\"5079\" class=\"elementor elementor-5079\">\n\t\t\t\t\t\t<div class=\"elementor-inner\">\n\t\t\t\t<div class=\"elementor-section-wrap\">\n\t\t\t\t\t\t\t\t\t<section class=\"elementor-section elementor-top-section elementor-element elementor-element-451d7d9 elementor-section-boxed elementor-section-height-default elementor-section-height-default\" data-id=\"451d7d9\" data-element_type=\"section\">\n\t\t\t\t\t\t<div class=\"elementor-container elementor-column-gap-default\">\n\t\t\t\t\t\t\t<div class=\"elementor-row\">\n\t\t\t\t\t<div class=\"elementor-column elementor-col-100 elementor-top-column elementor-element elementor-element-c43a11d column-style-top column-top\" data-id=\"c43a11d\" data-element_type=\"column\">\n\t\t\t<div class=\"elementor-column-wrap elementor-element-populated\">\n\t\t\t\t\t\t\t<div class=\"elementor-widget-wrap\">\n\t\t\t\t\t\t<div class=\"elementor-element elementor-element-d3a804a elementor-widget elementor-widget-gva-heading-block\" data-id=\"d3a804a\" data-element_type=\"widget\" data-widget_type=\"gva-heading-block.default\">\n\t\t\t\t<div class=\"elementor-widget-container\">\n\t\t\t<div class=\"gva-element-gva-heading-block gva-element\">   <div class=\"align-center style-1 widget gsc-heading\">\r\n      <div class=\"content-inner\">\r\n                     <div class=\"heading-icon\"><img src=\"https:\/\/casadapraia.org\/wp-content\/plugins\/gavias-oxpitan-themer\/elementor\/assets\/images\/icon-heading.png\" alt=\"\u00d3rg\u00e3os Sociais \"\/><\/div>\r\n           \r\n                     <h2 class=\"title\">\r\n               <span>\u00d3rg\u00e3os Sociais <\/span>\r\n            <\/h2>\r\n                           \r\n               <\/div>\r\n   <\/div>\r\n   <div class=\"clearfix\"><\/div>\r\n<\/div>\t\t<\/div>\n\t\t\t\t<\/div>\n\t\t\t\t\t\t<\/div>\n\t\t\t\t\t<\/div>\n\t\t<\/div>\n\t\t\t\t\t\t\t\t<\/div>\n\t\t\t\t\t<\/div>\n\t\t<\/section>\n\t\t\t\t<section class=\"elementor-section elementor-top-section elementor-element elementor-element-c51512b elementor-section-boxed elementor-section-height-default elementor-section-height-default\" data-id=\"c51512b\" data-element_type=\"section\">\n\t\t\t\t\t\t<div class=\"elementor-container elementor-column-gap-default\">\n\t\t\t\t\t\t\t<div class=\"elementor-row\">\n\t\t\t\t\t<div class=\"elementor-column elementor-col-50 elementor-top-column elementor-element elementor-element-80652c1 column-style-top column-top\" data-id=\"80652c1\" data-element_type=\"column\">\n\t\t\t<div class=\"elementor-column-wrap elementor-element-populated\">\n\t\t\t\t\t\t\t<div class=\"elementor-widget-wrap\">\n\t\t\t\t\t\t<div class=\"elementor-element elementor-element-5656691 elementor-widget elementor-widget-image\" data-id=\"5656691\" data-element_type=\"widget\" data-widget_type=\"image.default\">\n\t\t\t\t<div class=\"elementor-widget-container\">\n\t\t\t\t\t\t\t\t<div class=\"elementor-image\">\n\t\t\t\t\t\t\t\t\t\t\t\t<img width=\"196\" height=\"260\" src=\"https:\/\/casadapraia.org\/wp-content\/uploads\/2021\/01\/miguel-mata.png\" class=\"attachment-large size-large\" alt=\"\" loading=\"lazy\" \/>\t\t\t\t\t\t\t\t\t\t\t\t\t\t<\/div>\n\t\t\t\t\t\t<\/div>\n\t\t\t\t<\/div>\n\t\t\t\t<div class=\"elementor-element elementor-element-65d69eb elementor-widget elementor-widget-gva-heading-block\" data-id=\"65d69eb\" data-element_type=\"widget\" data-widget_type=\"gva-heading-block.default\">\n\t\t\t\t<div class=\"elementor-widget-container\">\n\t\t\t<div class=\"gva-element-gva-heading-block gva-element\">   <div class=\"align-center style-1 widget gsc-heading\">\r\n      <div class=\"content-inner\">\r\n           \r\n                     <h2 class=\"title\">\r\n               <span>Miguel Mata Pereira<\/span>\r\n            <\/h2>\r\n                                       <div class=\"title-desc\"><span>Vice-Presidente do Conselho Diretivo<\/span><\/div>\r\n         \r\n               <\/div>\r\n   <\/div>\r\n   <div class=\"clearfix\"><\/div>\r\n<\/div>\t\t<\/div>\n\t\t\t\t<\/div>\n\t\t\t\t\t\t<\/div>\n\t\t\t\t\t<\/div>\n\t\t<\/div>\n\t\t\t\t<div class=\"elementor-column elementor-col-50 elementor-top-column elementor-element elementor-element-198e3cd column-style-top column-top\" data-id=\"198e3cd\" data-element_type=\"column\">\n\t\t\t<div class=\"elementor-column-wrap elementor-element-populated\">\n\t\t\t\t\t\t\t<div class=\"elementor-widget-wrap\">\n\t\t\t\t\t\t<div class=\"elementor-element elementor-element-7ff108a elementor-widget elementor-widget-text-editor\" data-id=\"7ff108a\" data-element_type=\"widget\" data-widget_type=\"text-editor.default\">\n\t\t\t\t<div class=\"elementor-widget-container\">\n\t\t\t\t\t\t\t\t<div class=\"elementor-text-editor elementor-clearfix\">\n\t\t\t\t<p class=\"font_8\">Psic\u00f3logo e Membro Efetivo da Ordem dos Psic\u00f3logos Portugueses com especialidade em Psicologia Educacional e especialidade avan\u00e7ada em Necessidades Educativas Especiais, \u00e9 Doutorado em Ci\u00eancias da Educa\u00e7\u00e3o e da Forma\u00e7\u00e3o, pela Universidade de Toulouse 2, le Mirail (Fran\u00e7a), Mestre e Licenciado em Psicologia Educacional pelo Instituto Superior de Psicologia Aplicada (ISPA). Tem colaborado como docente em diferentes universidades lecionando nas \u00e1reas da psicologia, comunica\u00e7\u00e3o e linguagem, ci\u00eancias da educa\u00e7\u00e3o, necessidades educativas especiais, sexualidade, e desenvolvimento pessoal e profissional. \u00c9 membro integrado do Centro de Investiga\u00e7\u00e3o em Educa\u00e7\u00e3o do ISPA e tem colaborado como investigador com o Centro de Estudos Interdisciplinares em Educa\u00e7\u00e3o e Desenvolvimento da Universidade Lus\u00f3fona de Humanidades e Tecnologias. Desde 2018 \u00e9 Director do Centro de Investiga\u00e7\u00e3o e Desenvolvimento da Associa\u00e7\u00e3o QE, institui\u00e7\u00e3o para pessoas com dificuldades intelectuais e desenvolvimentais. \u00c9 formador Acreditado pelo Conselho Cient\u00edfico-Pedag\u00f3gico da Forma\u00e7\u00e3o Cont\u00ednua, na \u00e1rea e dom\u00ednio da Psicologia da Educa\u00e7\u00e3o, tendo desenvolvido atividade formativa ao longo dos \u00faltimos anos no Departamento de Forma\u00e7\u00e3o Avan\u00e7ada do ISPA. Desde 2020 \u00e9 Vice-Presidente da Casa da Praia \u2013 Centro Doutor Jo\u00e3o dos Santos, IPSS especializada no apoio a crian\u00e7as em risco por problemas emocionais e comportamentais e suas fam\u00edlias.<\/p>\t\t\t\t\t<\/div>\n\t\t\t\t\t\t<\/div>\n\t\t\t\t<\/div>\n\t\t\t\t\t\t<\/div>\n\t\t\t\t\t<\/div>\n\t\t<\/div>\n\t\t\t\t\t\t\t\t<\/div>\n\t\t\t\t\t<\/div>\n\t\t<\/section>\n\t\t\t\t\t\t\t\t\t<\/div>\n\t\t\t<\/div>\n\t\t\t\t\t<\/div>\n\t\t","protected":false},"excerpt":{"rendered":"<p>\u00d3rg\u00e3os Sociais Miguel Mata Pereira Vice-Presidente do Conselho Diretivo Psic\u00f3logo e Membro Efetivo da Ordem dos Psic\u00f3logos Portugueses com especialidade em Psicologia Educacional e especialidade avan\u00e7ada em Necessidades Educativas Especiais, \u00e9 Doutorado em Ci\u00eancias da Educa\u00e7\u00e3o e da Forma\u00e7\u00e3o, pela Universidade de Toulouse 2, le Mirail (Fran\u00e7a), Mestre e Licenciado em Psicologia Educacional pelo Instituto [&hellip;]<\/p>\n","protected":false},"author":1,"featured_media":0,"parent":0,"menu_order":0,"comment_status":"closed","ping_status":"closed","template":"","meta":[],"_links":{"self":[{"href":"https:\/\/casadapraia.org\/index.php?rest_route=\/wp\/v2\/pages\/5079"}],"collection":[{"href":"https:\/\/casadapraia.org\/index.php?rest_route=\/wp\/v2\/pages"}],"about":[{"href":"https:\/\/casadapraia.org\/index.php?rest_route=\/wp\/v2\/types\/page"}],"author":[{"embeddable":true,"href":"https:\/\/casadapraia.org\/index.php?rest_route=\/wp\/v2\/users\/1"}],"replies":[{"embeddable":true,"href":"https:\/\/casadapraia.org\/index.php?rest_route=%2Fwp%2Fv2%2Fcomments&post=5079"}],"version-history":[{"count":10,"href":"https:\/\/casadapraia.org\/index.php?rest_route=\/wp\/v2\/pages\/5079\/revisions"}],"predecessor-version":[{"id":5219,"href":"https:\/\/casadapraia.org\/index.php?rest_route=\/wp\/v2\/pages\/5079\/revisions\/5219"}],"wp:attachment":[{"href":"https:\/\/casadapraia.org\/index.php?rest_route=%2Fwp%2Fv2%2Fmedia&parent=5079"}],"curies":[{"name":"wp","href":"https:\/\/api.w.org\/{rel}","templated":true}]}}