{"id":5863,"date":"2022-10-12T13:09:07","date_gmt":"2022-10-12T13:09:07","guid":{"rendered":"https:\/\/casadapraia.org\/?page_id=5863"},"modified":"2022-10-12T13:11:51","modified_gmt":"2022-10-12T13:11:51","slug":"santa-casa-da-misericordia-de-lisboa","status":"publish","type":"page","link":"https:\/\/casadapraia.org\/?page_id=5863","title":{"rendered":"Santa Casa da Miseric\u00f3rdia de Lisboa"},"content":{"rendered":"\t\t<div data-elementor-type=\"wp-page\" data-elementor-id=\"5863\" class=\"elementor elementor-5863\">\n\t\t\t\t\t\t<div class=\"elementor-inner\">\n\t\t\t\t<div class=\"elementor-section-wrap\">\n\t\t\t\t\t\t\t\t\t<section class=\"elementor-section elementor-top-section elementor-element elementor-element-a2cb197 elementor-section-boxed elementor-section-height-default elementor-section-height-default\" data-id=\"a2cb197\" data-element_type=\"section\">\n\t\t\t\t\t\t<div class=\"elementor-container elementor-column-gap-default\">\n\t\t\t\t\t\t\t<div class=\"elementor-row\">\n\t\t\t\t\t<div class=\"elementor-column elementor-col-50 elementor-top-column elementor-element elementor-element-2bb6315 column-style-top column-top\" data-id=\"2bb6315\" data-element_type=\"column\">\n\t\t\t<div class=\"elementor-column-wrap elementor-element-populated\">\n\t\t\t\t\t\t\t<div class=\"elementor-widget-wrap\">\n\t\t\t\t\t\t<div class=\"elementor-element elementor-element-87f8142 elementor-widget elementor-widget-image\" data-id=\"87f8142\" data-element_type=\"widget\" data-widget_type=\"image.default\">\n\t\t\t\t<div class=\"elementor-widget-container\">\n\t\t\t\t\t\t\t\t<div class=\"elementor-image\">\n\t\t\t\t\t\t\t\t\t\t\t\t<img width=\"360\" height=\"138\" src=\"https:\/\/casadapraia.org\/wp-content\/uploads\/2022\/10\/SantaCasaMisericordiaDeLisboa-logotipo.27bd66f.jpg\" class=\"attachment-large size-large\" alt=\"\" loading=\"lazy\" \/>\t\t\t\t\t\t\t\t\t\t\t\t\t\t<\/div>\n\t\t\t\t\t\t<\/div>\n\t\t\t\t<\/div>\n\t\t\t\t\t\t<\/div>\n\t\t\t\t\t<\/div>\n\t\t<\/div>\n\t\t\t\t<div class=\"elementor-column elementor-col-50 elementor-top-column elementor-element elementor-element-e1ebf0d column-style-top column-top\" data-id=\"e1ebf0d\" data-element_type=\"column\">\n\t\t\t<div class=\"elementor-column-wrap elementor-element-populated\">\n\t\t\t\t\t\t\t<div class=\"elementor-widget-wrap\">\n\t\t\t\t\t\t<div class=\"elementor-element elementor-element-9ad5096 elementor-widget elementor-widget-text-editor\" data-id=\"9ad5096\" data-element_type=\"widget\" data-widget_type=\"text-editor.default\">\n\t\t\t\t<div class=\"elementor-widget-container\">\n\t\t\t\t\t\t\t\t<div class=\"elementor-text-editor elementor-clearfix\">\n\t\t\t\t<p>No \u00e2mbito do protocolo estabelecido entre a Santa Casa da Miseric\u00f3rdia de Lisboa (SCML) e o Centro Doutor Jo\u00e3o dos Santos \u2013 Casa da Praia foram acordadas a\u00e7\u00f5es em torno de tr\u00eas eixos de atua\u00e7\u00e3o:<\/p><ul><li>Eixo 1: consultas de pedopsiquiatria destinadas a crian\u00e7as de lares de acolhimento da SCML;<\/li><li>Eixo 2: acompanhamento pedag\u00f3gico-terap\u00eautico \u00e0s mesmas crian\u00e7as;<\/li><li>Eixo 3: consultoria especializada e forma\u00e7\u00e3o a equipas da SCML.<\/li><\/ul>\t\t\t\t\t<\/div>\n\t\t\t\t\t\t<\/div>\n\t\t\t\t<\/div>\n\t\t\t\t\t\t<\/div>\n\t\t\t\t\t<\/div>\n\t\t<\/div>\n\t\t\t\t\t\t\t\t<\/div>\n\t\t\t\t\t<\/div>\n\t\t<\/section>\n\t\t\t\t\t\t\t\t\t<\/div>\n\t\t\t<\/div>\n\t\t\t\t\t<\/div>\n\t\t","protected":false},"excerpt":{"rendered":"<p>No \u00e2mbito do protocolo estabelecido entre a Santa Casa da Miseric\u00f3rdia de Lisboa (SCML) e o Centro Doutor Jo\u00e3o dos Santos \u2013 Casa da Praia foram acordadas a\u00e7\u00f5es em torno de tr\u00eas eixos de atua\u00e7\u00e3o: Eixo 1: consultas de pedopsiquiatria destinadas a crian\u00e7as de lares de acolhimento da SCML; Eixo 2: acompanhamento pedag\u00f3gico-terap\u00eautico \u00e0s mesmas [&hellip;]<\/p>\n","protected":false},"author":1,"featured_media":0,"parent":0,"menu_order":0,"comment_status":"closed","ping_status":"closed","template":"","meta":[],"_links":{"self":[{"href":"https:\/\/casadapraia.org\/index.php?rest_route=\/wp\/v2\/pages\/5863"}],"collection":[{"href":"https:\/\/casadapraia.org\/index.php?rest_route=\/wp\/v2\/pages"}],"about":[{"href":"https:\/\/casadapraia.org\/index.php?rest_route=\/wp\/v2\/types\/page"}],"author":[{"embeddable":true,"href":"https:\/\/casadapraia.org\/index.php?rest_route=\/wp\/v2\/users\/1"}],"replies":[{"embeddable":true,"href":"https:\/\/casadapraia.org\/index.php?rest_route=%2Fwp%2Fv2%2Fcomments&post=5863"}],"version-history":[{"count":4,"href":"https:\/\/casadapraia.org\/index.php?rest_route=\/wp\/v2\/pages\/5863\/revisions"}],"predecessor-version":[{"id":5871,"href":"https:\/\/casadapraia.org\/index.php?rest_route=\/wp\/v2\/pages\/5863\/revisions\/5871"}],"wp:attachment":[{"href":"https:\/\/casadapraia.org\/index.php?rest_route=%2Fwp%2Fv2%2Fmedia&parent=5863"}],"curies":[{"name":"wp","href":"https:\/\/api.w.org\/{rel}","templated":true}]}}