{"id":5872,"date":"2022-10-12T13:15:42","date_gmt":"2022-10-12T13:15:42","guid":{"rendered":"https:\/\/casadapraia.org\/?page_id=5872"},"modified":"2022-10-12T13:24:26","modified_gmt":"2022-10-12T13:24:26","slug":"camara-municipal-de-lisboa","status":"publish","type":"page","link":"https:\/\/casadapraia.org\/?page_id=5872","title":{"rendered":"C\u00e2mara Municipal de Lisboa"},"content":{"rendered":"\t\t<div data-elementor-type=\"wp-page\" data-elementor-id=\"5872\" class=\"elementor elementor-5872\">\n\t\t\t\t\t\t<div class=\"elementor-inner\">\n\t\t\t\t<div class=\"elementor-section-wrap\">\n\t\t\t\t\t\t\t\t\t<section class=\"elementor-section elementor-top-section elementor-element elementor-element-2bb767a elementor-section-boxed elementor-section-height-default elementor-section-height-default\" data-id=\"2bb767a\" data-element_type=\"section\">\n\t\t\t\t\t\t<div class=\"elementor-container elementor-column-gap-default\">\n\t\t\t\t\t\t\t<div class=\"elementor-row\">\n\t\t\t\t\t<div class=\"elementor-column elementor-col-33 elementor-top-column elementor-element elementor-element-e7192db column-style-top column-top\" data-id=\"e7192db\" data-element_type=\"column\">\n\t\t\t<div class=\"elementor-column-wrap\">\n\t\t\t\t\t\t\t<div class=\"elementor-widget-wrap\">\n\t\t\t\t\t\t\t\t<\/div>\n\t\t\t\t\t<\/div>\n\t\t<\/div>\n\t\t\t\t<div class=\"elementor-column elementor-col-33 elementor-top-column elementor-element elementor-element-da13a42 column-style-top column-top\" data-id=\"da13a42\" data-element_type=\"column\">\n\t\t\t<div class=\"elementor-column-wrap elementor-element-populated\">\n\t\t\t\t\t\t\t<div class=\"elementor-widget-wrap\">\n\t\t\t\t\t\t<div class=\"elementor-element elementor-element-1047496 elementor-widget elementor-widget-image\" data-id=\"1047496\" data-element_type=\"widget\" data-widget_type=\"image.default\">\n\t\t\t\t<div class=\"elementor-widget-container\">\n\t\t\t\t\t\t\t\t<div class=\"elementor-image\">\n\t\t\t\t\t\t\t\t\t\t\t\t<img width=\"594\" height=\"279\" src=\"https:\/\/casadapraia.org\/wp-content\/uploads\/2022\/10\/Logotipo-CML_fonteDIN_horizontal_1-cor_reenquadrado.png\" class=\"attachment-large size-large\" alt=\"\" loading=\"lazy\" \/>\t\t\t\t\t\t\t\t\t\t\t\t\t\t<\/div>\n\t\t\t\t\t\t<\/div>\n\t\t\t\t<\/div>\n\t\t\t\t\t\t<\/div>\n\t\t\t\t\t<\/div>\n\t\t<\/div>\n\t\t\t\t<div class=\"elementor-column elementor-col-33 elementor-top-column elementor-element elementor-element-ebf253a column-style-top column-top\" data-id=\"ebf253a\" data-element_type=\"column\">\n\t\t\t<div class=\"elementor-column-wrap\">\n\t\t\t\t\t\t\t<div class=\"elementor-widget-wrap\">\n\t\t\t\t\t\t\t\t<\/div>\n\t\t\t\t\t<\/div>\n\t\t<\/div>\n\t\t\t\t\t\t\t\t<\/div>\n\t\t\t\t\t<\/div>\n\t\t<\/section>\n\t\t\t\t<section class=\"elementor-section elementor-top-section elementor-element elementor-element-58ca4ae elementor-section-boxed elementor-section-height-default elementor-section-height-default\" data-id=\"58ca4ae\" data-element_type=\"section\">\n\t\t\t\t\t\t<div class=\"elementor-container elementor-column-gap-default\">\n\t\t\t\t\t\t\t<div class=\"elementor-row\">\n\t\t\t\t\t<div class=\"elementor-column elementor-col-50 elementor-top-column elementor-element elementor-element-9be122c column-style-top column-top\" data-id=\"9be122c\" data-element_type=\"column\">\n\t\t\t<div class=\"elementor-column-wrap elementor-element-populated\">\n\t\t\t\t\t\t\t<div class=\"elementor-widget-wrap\">\n\t\t\t\t\t\t<div class=\"elementor-element elementor-element-e66fd54 elementor-widget elementor-widget-text-editor\" data-id=\"e66fd54\" data-element_type=\"widget\" data-widget_type=\"text-editor.default\">\n\t\t\t\t<div class=\"elementor-widget-container\">\n\t\t\t\t\t\t\t\t<div class=\"elementor-text-editor elementor-clearfix\">\n\t\t\t\t<p><strong>Apoio \u00e0 Pedagogia Terap\u00eautica<\/strong><\/p>\t\t\t\t\t<\/div>\n\t\t\t\t\t\t<\/div>\n\t\t\t\t<\/div>\n\t\t\t\t<div class=\"elementor-element elementor-element-93697a1 elementor-widget elementor-widget-text-editor\" data-id=\"93697a1\" data-element_type=\"widget\" data-widget_type=\"text-editor.default\">\n\t\t\t\t<div class=\"elementor-widget-container\">\n\t\t\t\t\t\t\t\t<div class=\"elementor-text-editor elementor-clearfix\">\n\t\t\t\t<p>Nos \u00faltimos dec\u00e9nios, a Casa da Praia tem privilegiado uma interven\u00e7\u00e3o Pedag\u00f3gica Terap\u00eautica de car\u00e1cter hol\u00edstico, centrada na crian\u00e7a, e na sua rela\u00e7\u00e3o com os demais contextos educacionais e de desenvolvimento, nomeadamente a escola e outras estruturas da comunidade.<\/p><p>A C\u00e2mara Municipal de Lisboa, ap\u00f3s a nossa candidatura, apoia em financiamento, por um ano, um conjunto de atividades orientadas para a promo\u00e7\u00e3o, a inclus\u00e3o social e a sa\u00fade mental infantil, atrav\u00e9s da interven\u00e7\u00e3o prim\u00e1ria, secund\u00e1ria e terci\u00e1ria junto de crian\u00e7as, escolas e comunidade, utilizando o modelo da Pedagogia Terap\u00eautica.<\/p>\t\t\t\t\t<\/div>\n\t\t\t\t\t\t<\/div>\n\t\t\t\t<\/div>\n\t\t\t\t\t\t<\/div>\n\t\t\t\t\t<\/div>\n\t\t<\/div>\n\t\t\t\t<div class=\"elementor-column elementor-col-50 elementor-top-column elementor-element elementor-element-6ba0f35 column-style-top column-top\" data-id=\"6ba0f35\" data-element_type=\"column\">\n\t\t\t<div class=\"elementor-column-wrap elementor-element-populated\">\n\t\t\t\t\t\t\t<div class=\"elementor-widget-wrap\">\n\t\t\t\t\t\t<div class=\"elementor-element elementor-element-c7c429a elementor-widget elementor-widget-text-editor\" data-id=\"c7c429a\" data-element_type=\"widget\" data-widget_type=\"text-editor.default\">\n\t\t\t\t<div class=\"elementor-widget-container\">\n\t\t\t\t\t\t\t\t<div class=\"elementor-text-editor elementor-clearfix\">\n\t\t\t\t<p><strong>Apoio Alimentar a Fam\u00edlias Carenciadas em Tempos de Pandemia<\/strong><\/p>\t\t\t\t\t<\/div>\n\t\t\t\t\t\t<\/div>\n\t\t\t\t<\/div>\n\t\t\t\t<div class=\"elementor-element elementor-element-18b830e elementor-widget elementor-widget-text-editor\" data-id=\"18b830e\" data-element_type=\"widget\" data-widget_type=\"text-editor.default\">\n\t\t\t\t<div class=\"elementor-widget-container\">\n\t\t\t\t\t\t\t\t<div class=\"elementor-text-editor elementor-clearfix\">\n\t\t\t\t<p>A pedido da C\u00e2mara Municipal de Lisboa e com o apoio de Junta de Fregesia de Alc\u00e2ntara (JFA), o Centro Doutor Jo\u00e3o dos Santos &#8211; Casa da Praia, no seguimento do Despacho n\u00ba 76\/P\/2020 do Senhor Presidente da C\u00e2mara Municipal de Lisboa (CML), datado de 4 de junho de 2020, foi aprovada a atribui\u00e7\u00e3o de apoios financeiros para confec\u00e7\u00e3o e disponibiliza\u00e7\u00e3o de refei\u00e7\u00f5es destinadas a mun\u00edcipes carenciados, desfavorecidos e\/ou vulner\u00e1veis de Lisboa iniciou o apoio alimentar \u00e0 comunidade no dia 8 de junho de 2020 que se foi prolongando, de acordo com o previsto, at\u00e9 ao dia 30 de junho de 2021.<\/p>\t\t\t\t\t<\/div>\n\t\t\t\t\t\t<\/div>\n\t\t\t\t<\/div>\n\t\t\t\t\t\t<\/div>\n\t\t\t\t\t<\/div>\n\t\t<\/div>\n\t\t\t\t\t\t\t\t<\/div>\n\t\t\t\t\t<\/div>\n\t\t<\/section>\n\t\t\t\t\t\t\t\t\t<\/div>\n\t\t\t<\/div>\n\t\t\t\t\t<\/div>\n\t\t","protected":false},"excerpt":{"rendered":"<p>Apoio \u00e0 Pedagogia Terap\u00eautica Nos \u00faltimos dec\u00e9nios, a Casa da Praia tem privilegiado uma interven\u00e7\u00e3o Pedag\u00f3gica Terap\u00eautica de car\u00e1cter hol\u00edstico, centrada na crian\u00e7a, e na sua rela\u00e7\u00e3o com os demais contextos educacionais e de desenvolvimento, nomeadamente a escola e outras estruturas da comunidade. A C\u00e2mara Municipal de Lisboa, ap\u00f3s a nossa candidatura, apoia em financiamento, [&hellip;]<\/p>\n","protected":false},"author":1,"featured_media":0,"parent":0,"menu_order":0,"comment_status":"closed","ping_status":"closed","template":"","meta":[],"_links":{"self":[{"href":"https:\/\/casadapraia.org\/index.php?rest_route=\/wp\/v2\/pages\/5872"}],"collection":[{"href":"https:\/\/casadapraia.org\/index.php?rest_route=\/wp\/v2\/pages"}],"about":[{"href":"https:\/\/casadapraia.org\/index.php?rest_route=\/wp\/v2\/types\/page"}],"author":[{"embeddable":true,"href":"https:\/\/casadapraia.org\/index.php?rest_route=\/wp\/v2\/users\/1"}],"replies":[{"embeddable":true,"href":"https:\/\/casadapraia.org\/index.php?rest_route=%2Fwp%2Fv2%2Fcomments&post=5872"}],"version-history":[{"count":4,"href":"https:\/\/casadapraia.org\/index.php?rest_route=\/wp\/v2\/pages\/5872\/revisions"}],"predecessor-version":[{"id":5880,"href":"https:\/\/casadapraia.org\/index.php?rest_route=\/wp\/v2\/pages\/5872\/revisions\/5880"}],"wp:attachment":[{"href":"https:\/\/casadapraia.org\/index.php?rest_route=%2Fwp%2Fv2%2Fmedia&parent=5872"}],"curies":[{"name":"wp","href":"https:\/\/api.w.org\/{rel}","templated":true}]}}