{"id":6979,"date":"2025-10-30T19:26:11","date_gmt":"2025-10-30T19:26:11","guid":{"rendered":"https:\/\/casadapraia.org\/?page_id=6979"},"modified":"2025-12-04T10:30:52","modified_gmt":"2025-12-04T10:30:52","slug":"ana-rita-fonseca","status":"publish","type":"page","link":"https:\/\/casadapraia.org\/?page_id=6979","title":{"rendered":"Ana Rita Fonseca"},"content":{"rendered":"\t\t<div data-elementor-type=\"wp-page\" data-elementor-id=\"6979\" class=\"elementor elementor-6979\">\n\t\t\t\t\t\t<div class=\"elementor-inner\">\n\t\t\t\t<div class=\"elementor-section-wrap\">\n\t\t\t\t\t\t\t\t\t<section class=\"elementor-section elementor-top-section elementor-element elementor-element-892eaef elementor-section-boxed elementor-section-height-default elementor-section-height-default\" data-id=\"892eaef\" data-element_type=\"section\">\n\t\t\t\t\t\t<div class=\"elementor-container elementor-column-gap-default\">\n\t\t\t\t\t\t\t<div class=\"elementor-row\">\n\t\t\t\t\t<div class=\"elementor-column elementor-col-50 elementor-top-column elementor-element elementor-element-891226b column-style-top column-top\" data-id=\"891226b\" data-element_type=\"column\">\n\t\t\t<div class=\"elementor-column-wrap elementor-element-populated\">\n\t\t\t\t\t\t\t<div class=\"elementor-widget-wrap\">\n\t\t\t\t\t\t<div class=\"elementor-element elementor-element-8696234 elementor-widget elementor-widget-image\" data-id=\"8696234\" data-element_type=\"widget\" data-widget_type=\"image.default\">\n\t\t\t\t<div class=\"elementor-widget-container\">\n\t\t\t\t\t\t\t\t<div class=\"elementor-image\">\n\t\t\t\t\t\t\t\t\t\t\t\t<img width=\"400\" height=\"400\" src=\"https:\/\/casadapraia.org\/wp-content\/uploads\/2025\/12\/4.png\" class=\"attachment-large size-large\" alt=\"\" loading=\"lazy\" srcset=\"https:\/\/casadapraia.org\/wp-content\/uploads\/2025\/12\/4.png 400w, https:\/\/casadapraia.org\/wp-content\/uploads\/2025\/12\/4-180x180.png 180w, https:\/\/casadapraia.org\/wp-content\/uploads\/2025\/12\/4-300x300.png 300w, https:\/\/casadapraia.org\/wp-content\/uploads\/2025\/12\/4-100x100.png 100w\" sizes=\"(max-width: 400px) 100vw, 400px\" \/>\t\t\t\t\t\t\t\t\t\t\t\t\t\t<\/div>\n\t\t\t\t\t\t<\/div>\n\t\t\t\t<\/div>\n\t\t\t\t<div class=\"elementor-element elementor-element-7f66c2e elementor-widget elementor-widget-text-editor\" data-id=\"7f66c2e\" data-element_type=\"widget\" data-widget_type=\"text-editor.default\">\n\t\t\t\t<div class=\"elementor-widget-container\">\n\t\t\t\t\t\t\t\t<div class=\"elementor-text-editor elementor-clearfix\">\n\t\t\t\t<h2>T\u00e9cnica de Apoio Pedag\u00f3gico Terap\u00eautico<\/h2>\t\t\t\t\t<\/div>\n\t\t\t\t\t\t<\/div>\n\t\t\t\t<\/div>\n\t\t\t\t\t\t<\/div>\n\t\t\t\t\t<\/div>\n\t\t<\/div>\n\t\t\t\t<div class=\"elementor-column elementor-col-50 elementor-top-column elementor-element elementor-element-e08e91c column-style-top column-top\" data-id=\"e08e91c\" data-element_type=\"column\">\n\t\t\t<div class=\"elementor-column-wrap elementor-element-populated\">\n\t\t\t\t\t\t\t<div class=\"elementor-widget-wrap\">\n\t\t\t\t\t\t<div class=\"elementor-element elementor-element-6d80efc elementor-widget elementor-widget-text-editor\" data-id=\"6d80efc\" data-element_type=\"widget\" data-widget_type=\"text-editor.default\">\n\t\t\t\t<div class=\"elementor-widget-container\">\n\t\t\t\t\t\t\t\t<div class=\"elementor-text-editor elementor-clearfix\">\n\t\t\t\t<p>\u00a0<\/p><p>\u00a0<\/p><p>\u00a0<\/p><p><span style=\"font-size: 1rem;\">Doutorada em Neuroci\u00eancias.\u00a0<\/span><\/p><p>Co-fundadora do &#8220;1, 2, 3 Macaquinho do Xin\u00eas&#8221;<span style=\"font-size: 1rem;\">, em 2016, que defende e promove o Direito a Brincar (Conven\u00e7\u00e3o sobre os Direitos da Crian\u00e7a, 1989) com base na pr\u00e1tica do <i>playwork<\/i> (Hughes, 2001).<\/span><\/p><div>\u00a0<\/div>\t\t\t\t\t<\/div>\n\t\t\t\t\t\t<\/div>\n\t\t\t\t<\/div>\n\t\t\t\t\t\t<\/div>\n\t\t\t\t\t<\/div>\n\t\t<\/div>\n\t\t\t\t\t\t\t\t<\/div>\n\t\t\t\t\t<\/div>\n\t\t<\/section>\n\t\t\t\t\t\t\t\t\t<\/div>\n\t\t\t<\/div>\n\t\t\t\t\t<\/div>\n\t\t","protected":false},"excerpt":{"rendered":"<p>T\u00e9cnica de Apoio Pedag\u00f3gico Terap\u00eautico \u00a0 \u00a0 \u00a0 Doutorada em Neuroci\u00eancias.\u00a0 Co-fundadora do &#8220;1, 2, 3 Macaquinho do Xin\u00eas&#8221;, em 2016, que defende e promove o Direito a Brincar (Conven\u00e7\u00e3o sobre os Direitos da Crian\u00e7a, 1989) com base na pr\u00e1tica do playwork (Hughes, 2001). \u00a0<\/p>\n","protected":false},"author":1,"featured_media":0,"parent":0,"menu_order":0,"comment_status":"closed","ping_status":"closed","template":"","meta":[],"_links":{"self":[{"href":"https:\/\/casadapraia.org\/index.php?rest_route=\/wp\/v2\/pages\/6979"}],"collection":[{"href":"https:\/\/casadapraia.org\/index.php?rest_route=\/wp\/v2\/pages"}],"about":[{"href":"https:\/\/casadapraia.org\/index.php?rest_route=\/wp\/v2\/types\/page"}],"author":[{"embeddable":true,"href":"https:\/\/casadapraia.org\/index.php?rest_route=\/wp\/v2\/users\/1"}],"replies":[{"embeddable":true,"href":"https:\/\/casadapraia.org\/index.php?rest_route=%2Fwp%2Fv2%2Fcomments&post=6979"}],"version-history":[{"count":7,"href":"https:\/\/casadapraia.org\/index.php?rest_route=\/wp\/v2\/pages\/6979\/revisions"}],"predecessor-version":[{"id":7056,"href":"https:\/\/casadapraia.org\/index.php?rest_route=\/wp\/v2\/pages\/6979\/revisions\/7056"}],"wp:attachment":[{"href":"https:\/\/casadapraia.org\/index.php?rest_route=%2Fwp%2Fv2%2Fmedia&parent=6979"}],"curies":[{"name":"wp","href":"https:\/\/api.w.org\/{rel}","templated":true}]}}